{"id":2026,"date":"2023-04-12T15:27:13","date_gmt":"2023-04-12T13:27:13","guid":{"rendered":"https:\/\/pmnavigator.syo.website\/contact\/"},"modified":"2023-11-18T17:25:07","modified_gmt":"2023-11-18T16:25:07","slug":"contact","status":"publish","type":"page","link":"https:\/\/pmnavigator.pl\/en\/contact\/","title":{"rendered":"Contact"},"content":{"rendered":"\t\t<div data-elementor-type=\"wp-page\" data-elementor-id=\"2026\" class=\"elementor elementor-2026 elementor-23\" data-elementor-post-type=\"page\">\n\t\t\t\t<div class=\"elementor-element elementor-element-379a301 e-flex e-con-boxed e-con e-parent\" data-id=\"379a301\" data-element_type=\"container\" data-settings=\"{&quot;background_background&quot;:&quot;classic&quot;,&quot;jet_parallax_layout_list&quot;:[]}\">\n\t\t\t\t\t<div class=\"e-con-inner\">\n\t\t<div class=\"elementor-element elementor-element-2d5d388 e-flex e-con-boxed e-con e-parent\" data-id=\"2d5d388\" data-element_type=\"container\" data-settings=\"{&quot;jet_parallax_layout_list&quot;:[]}\">\n\t\t\t\t\t<div class=\"e-con-inner\">\n\t\t\t\t<div class=\"elementor-element elementor-element-a638580 elementor-widget elementor-widget-heading\" data-id=\"a638580\" data-element_type=\"widget\" data-widget_type=\"heading.default\">\n\t\t\t\t<div class=\"elementor-widget-container\">\n\t\t\t<h2 class=\"elementor-heading-title elementor-size-default\">Contact<\/h2>\t\t<\/div>\n\t\t\t\t<\/div>\n\t\t\t\t<div class=\"elementor-element elementor-element-30f2594 elementor-widget elementor-widget-text-editor\" data-id=\"30f2594\" data-element_type=\"widget\" data-widget_type=\"text-editor.default\">\n\t\t\t\t<div class=\"elementor-widget-container\">\n\t\t\t\t\t\t\t<p>If you haven\u2019t found the information you\u2019re looking for on our page, please reach out to us via the contact form or email. We assure you that your inquiry will be given priority. We will strive to provide you with a comprehensive response as soon as possible.  <\/p>\n<p><strong>Thank you for your trust, and we look forward to hearing from you.<\/strong><\/p>\n\t\t\t\t\t\t<\/div>\n\t\t\t\t<\/div>\n\t\t\t\t<div class=\"elementor-element elementor-element-30b9609 elementor-widget elementor-widget-text-editor\" data-id=\"30b9609\" data-element_type=\"widget\" data-widget_type=\"text-editor.default\">\n\t\t\t\t<div class=\"elementor-widget-container\">\n\t\t\t\t\t\t\t<p>PM Navigator Krzysztof Kami\u0144ski,<br>ul. Skar\u017cy\u0144skiego 3d\/3, 80\u2013463 Gda\u0144sk, <br>NIP: 5842477372,<br>REGON: 220847370<\/p>\n<p><span style=\"text-decoration: underline;\"><a href=\"mailto:contact@pmnavigator.pl\">contact@pmnavigator.pl<\/a><\/span><\/p>\n\t\t\t\t\t\t<\/div>\n\t\t\t\t<\/div>\n\t\t\t\t<div class=\"elementor-element elementor-element-9d0ab50 elementor-shape-circle elementor-grid-0 elementor-widget elementor-widget-social-icons\" data-id=\"9d0ab50\" data-element_type=\"widget\" data-widget_type=\"social-icons.default\">\n\t\t\t\t<div class=\"elementor-widget-container\">\n\t\t\t\t\t<div class=\"elementor-social-icons-wrapper elementor-grid\">\n\t\t\t\t\t\t\t<span class=\"elementor-grid-item\">\n\t\t\t\t\t<a class=\"elementor-icon elementor-social-icon elementor-social-icon-facebook elementor-repeater-item-7698d8d\" href=\"https:\/\/www.facebook.com\/PMnavigators\" target=\"_blank\" rel=\"noopener\">\n\t\t\t\t\t\t<span class=\"elementor-screen-only\">Facebook<\/span>\n\t\t\t\t\t\t<i class=\"fab fa-facebook\"><\/i>\t\t\t\t\t<\/a>\n\t\t\t\t<\/span>\n\t\t\t\t\t\t\t<span class=\"elementor-grid-item\">\n\t\t\t\t\t<a class=\"elementor-icon elementor-social-icon elementor-social-icon-linkedin elementor-repeater-item-6f5b321\" href=\"https:\/\/www.linkedin.com\/company\/pm-navigator\/about\/\" target=\"_blank\" rel=\"noopener\">\n\t\t\t\t\t\t<span class=\"elementor-screen-only\">Linkedin<\/span>\n\t\t\t\t\t\t<i class=\"fab fa-linkedin\"><\/i>\t\t\t\t\t<\/a>\n\t\t\t\t<\/span>\n\t\t\t\t\t<\/div>\n\t\t\t\t<\/div>\n\t\t\t\t<\/div>\n\t\t\t\t\t<\/div>\n\t\t\t\t<\/div>\n\t\t<div class=\"elementor-element elementor-element-de69fb7 e-flex e-con-boxed e-con e-parent\" data-id=\"de69fb7\" data-element_type=\"container\" data-settings=\"{&quot;background_background&quot;:&quot;classic&quot;,&quot;jet_parallax_layout_list&quot;:[]}\">\n\t\t\t\t\t<div class=\"e-con-inner\">\n\t\t\t\t<div class=\"elementor-element elementor-element-55ea8d8 elementor-button-align-start elementor-widget elementor-widget-form\" data-id=\"55ea8d8\" data-element_type=\"widget\" data-settings=\"{&quot;step_next_label&quot;:&quot;Next&quot;,&quot;step_previous_label&quot;:&quot;Previous&quot;,&quot;button_width&quot;:&quot;100&quot;,&quot;step_type&quot;:&quot;number_text&quot;,&quot;step_icon_shape&quot;:&quot;circle&quot;}\" data-widget_type=\"form.default\">\n\t\t\t\t<div class=\"elementor-widget-container\">\n\t\t\t    <script>\n    jQuery(document).ready(function() {\n      jQuery(\".elementor-form\").on('submit', function() {\n        var submittedForm = jQuery(this);\n        setTimeout(function() {\n          var turnstileElement = submittedForm.find('.cf-turnstile');\n          if (turnstileElement.length > 0) {\n            var uniqueId = 'cf-turnstile-elementor-' + new Date().getTime();\n            turnstileElement.attr('id', uniqueId);\n            turnstile.reset('#' + uniqueId);\n          }\n        }, 2500);\n      });\n    });\n    <\/script>\n        \t\t<form class=\"elementor-form\" method=\"post\" name=\"RTE Training Form\" novalidate>\n\t\t\t<input type=\"hidden\" name=\"post_id\" value=\"2026\">\n\t\t\t<input type=\"hidden\" name=\"form_id\" value=\"55ea8d8\">\n\t\t\t<input type=\"hidden\" name=\"referer_title\" value>\n\n\t\t\t\n\t\t\t<div class=\"elementor-form-fields-wrapper elementor-labels-above\">\n\t\t\t\t\t\t\t\t<div class=\"elementor-field-type-text elementor-field-group elementor-column elementor-field-group-name elementor-col-50 elementor-field-required elementor-mark-required\">\n\t\t\t\t\t\t\t\t\t\t\t\t<label for=\"form-field-name\" class=\"elementor-field-label\">\n\t\t\t\t\t\t\t\tFirst name\t\t\t\t\t\t\t<\/label>\n\t\t\t\t\t\t\t\t\t\t\t\t\t\t<input size=\"1\" type=\"text\" name=\"form_fields[name]\" id=\"form-field-name\" class=\"elementor-field elementor-size-sm  elementor-field-textual\" placeholder=\"eg. Adam\" required=\"required\" aria-required=\"true\">\n\t\t\t\t\t\t\t\t\t\t\t<\/div>\n\t\t\t\t\t\t\t\t<div class=\"elementor-field-type-text elementor-field-group elementor-column elementor-field-group-nazwisko elementor-col-50 elementor-field-required elementor-mark-required\">\n\t\t\t\t\t\t\t\t\t\t\t\t<label for=\"form-field-nazwisko\" class=\"elementor-field-label\">\n\t\t\t\t\t\t\t\tLast name\t\t\t\t\t\t\t<\/label>\n\t\t\t\t\t\t\t\t\t\t\t\t\t\t<input size=\"1\" type=\"text\" name=\"form_fields[nazwisko]\" id=\"form-field-nazwisko\" class=\"elementor-field elementor-size-sm  elementor-field-textual\" placeholder=\"eg. Kowalski\" required=\"required\" aria-required=\"true\">\n\t\t\t\t\t\t\t\t\t\t\t<\/div>\n\t\t\t\t\t\t\t\t<div class=\"elementor-field-type-email elementor-field-group elementor-column elementor-field-group-email elementor-col-50 elementor-field-required elementor-mark-required\">\n\t\t\t\t\t\t\t\t\t\t\t\t<label for=\"form-field-email\" class=\"elementor-field-label\">\n\t\t\t\t\t\t\t\tEmail\t\t\t\t\t\t\t<\/label>\n\t\t\t\t\t\t\t\t\t\t\t\t\t\t<input size=\"1\" type=\"email\" name=\"form_fields[email]\" id=\"form-field-email\" class=\"elementor-field elementor-size-sm  elementor-field-textual\" placeholder=\"Email\" required=\"required\" aria-required=\"true\">\n\t\t\t\t\t\t\t\t\t\t\t<\/div>\n\t\t\t\t\t\t\t\t<div class=\"elementor-field-type-tel elementor-field-group elementor-column elementor-field-group-field_2e04079 elementor-col-50\">\n\t\t\t\t\t\t\t\t\t\t\t\t<label for=\"form-field-field_2e04079\" class=\"elementor-field-label\">\n\t\t\t\t\t\t\t\tPhone\t\t\t\t\t\t\t<\/label>\n\t\t\t\t\t\t\t\t<input size=\"1\" type=\"tel\" name=\"form_fields[field_2e04079]\" id=\"form-field-field_2e04079\" class=\"elementor-field elementor-size-sm  elementor-field-textual\" placeholder=\"+48 ... ... ...\" pattern=\"[0-9()#&amp;+*-=.]+\" title=\"Only numbers and phone characters (#, -, *, etc) are accepted.\">\n\n\t\t\t\t\t\t<\/div>\n\t\t\t\t\t\t\t\t<div class=\"elementor-field-type-textarea elementor-field-group elementor-column elementor-field-group-field_80d3b74 elementor-col-100\">\n\t\t\t\t\t\t\t\t\t\t\t\t<label for=\"form-field-field_80d3b74\" class=\"elementor-field-label\">\n\t\t\t\t\t\t\t\tMessage\t\t\t\t\t\t\t<\/label>\n\t\t\t\t\t\t<textarea class=\"elementor-field-textual elementor-field  elementor-size-sm\" name=\"form_fields[field_80d3b74]\" id=\"form-field-field_80d3b74\" rows=\"4\" placeholder=\"Your message\"><\/textarea>\t\t\t\t<\/div>\n\t\t\t\t\t\t\t\t<div class=\"elementor-field-type-acceptance elementor-field-group elementor-column elementor-field-group-field_af1b570 elementor-col-100 elementor-field-required elementor-mark-required\">\n\t\t\t\t\t\t\t<div class=\"elementor-field-subgroup\">\n\t\t\t<span class=\"elementor-field-option\">\n\t\t\t\t<input type=\"checkbox\" name=\"form_fields[field_af1b570]\" id=\"form-field-field_af1b570\" class=\"elementor-field elementor-size-sm  elementor-acceptance-field\" required=\"required\" aria-required=\"true\">\n\t\t\t\t<label for=\"form-field-field_af1b570\">I accept <a href=\"https:\/\/pmnavigator.pl\/en\/terms-and-conditions\/\" target=\"_blank\">the terms and conditions<\/a> and <a href=\"https:\/\/pmnavigator.pl\/en\/terms-and-conditions\/\" target=\"_blank\">privacy policy<\/a>.<\/label>\t\t\t<\/span>\n\t\t<\/div>\n\t\t\t\t\t\t<\/div>\n\t\t\t\t\t\t\t\t<div class=\"elementor-field-type-text\">\n\t\t\t\t\t<input size=\"1\" type=\"text\" name=\"form_fields[field_0d20208]\" id=\"form-field-field_0d20208\" class=\"elementor-field elementor-size-sm \" style=\"display:none !important;\">\t\t\t\t<\/div>\n\t\t\t\t\t\t\t\t<div class=\"elementor-field-type-hidden elementor-field-group elementor-column elementor-field-group-adres_ip elementor-col-100\">\n\t\t\t\t\t\t\t\t\t\t\t\t\t<input size=\"1\" type=\"hidden\" name=\"form_fields[adres_ip]\" id=\"form-field-adres_ip\" class=\"elementor-field elementor-size-sm  elementor-field-textual\" value=\"216.73.216.17\">\n\t\t\t\t\t\t\t\t\t\t\t<\/div>\n\t\t\t\t\t\t\t\t<div class=\"elementor-field-type-acceptance elementor-field-group elementor-column elementor-field-group-zgoda_marketingowa elementor-col-100\">\n\t\t\t\t\t\t\t<div class=\"elementor-field-subgroup\">\n\t\t\t<span class=\"elementor-field-option\">\n\t\t\t\t<input type=\"checkbox\" name=\"form_fields[zgoda_marketingowa]\" id=\"form-field-zgoda_marketingowa\" class=\"elementor-field elementor-size-sm  elementor-acceptance-field\">\n\t\t\t\t<label for=\"form-field-zgoda_marketingowa\">I consent to the processing of my data by PM Navigator for marketing purposes<\/label>\t\t\t<\/span>\n\t\t<\/div>\n\t\t\t\t\t\t<\/div>\n\t\t\t\t\t\t\t\t<div class=\"elementor-field-group elementor-column elementor-field-type-submit elementor-col-100 e-form__buttons\">\n\t\t\t\t\t<div class=\"elementor-turnstile-field\" style=\"display: block;margin-top: 10px;width: 100%;\">\t\t<div id=\"cf-turnstile-elementor-3753387998\" class=\"cf-turnstile\" data-sitekey=\"0x4AAAAAAAJNZxIpQGGmKT0R\" data-theme=\"light\" data-language=\"auto\" data-retry=\"auto\" data-retry-interval=\"1000\" data-action=\"elementor-3753387998\" data-appearance=\"interaction-only\"><\/div>\n\t\t\t<script>document.addEventListener(\"DOMContentLoaded\",(function(){var e=document.getElementById(\"cf-turnstile-elementor-3753387998\");e&&!e.innerHTML.trim()&&(turnstile.remove(\"#cf-turnstile-elementor-3753387998\"),turnstile.render(\"#cf-turnstile-elementor-3753387998\",{sitekey:\"0x4AAAAAAAJNZxIpQGGmKT0R\"}))}));<\/script>\n\t\t\t<style>#cf-turnstile-elementor-3753387998 iframe { margin-bottom: 15px; }<\/style>\n\t\t\t\t<style>#cf-turnstile-elementor-3753387998 { margin-left: -15px; }<\/style>\n\t\t<\/div><br><button type=\"submit\" class=\"elementor-button elementor-size-lg\">\n\t\t\t\t\t\t<span>\n\t\t\t\t\t\t\t\t\t\t\t\t\t\t\t<span class=\" elementor-button-icon\">\n\t\t\t\t\t\t\t\t\t\t\t\t\t\t\t\t\t\t\t\t\t\t\t\t\t\t<\/span>\n\t\t\t\t\t\t\t\t\t\t\t\t\t\t\t\t\t\t\t\t\t\t<span class=\"elementor-button-text\">Send a message<\/span>\n\t\t\t\t\t\t\t\t\t\t\t\t\t<\/span>\n\t\t\t\t\t<\/button>\n\t\t\t\t<\/div>\n\t\t\t<\/div>\n\t\t<\/form>\n\t\t\t\t<\/div>\n\t\t\t\t<\/div>\n\t\t\t\t\t<\/div>\n\t\t\t\t<\/div>\n\t\t\t\t\t<\/div>\n\t\t\t\t<\/div>\n\t\t\t\t<\/div>\n\t\t","protected":false},"excerpt":{"rendered":"<p>Contact If you haven\u2019t found the information you\u2019re looking for on our page, please reach out to us via the contact form or email. We assure you that your inquiry will be given priority. We will strive to provide you with a comprehensive response as soon as possible. Thank you for your trust, and we [\u2026]<\/p>\n","protected":false},"author":1,"featured_media":0,"parent":0,"menu_order":0,"comment_status":"closed","ping_status":"closed","template":"","meta":{"_acf_changed":false,"rank_math_lock_modified_date":false,"wp_typography_post_enhancements_disabled":false,"footnotes":""},"class_list":["post-2026","page","type-page","status-publish","hentry"],"acf":[],"_links":{"self":[{"href":"https:\/\/pmnavigator.pl\/en\/wp-json\/wp\/v2\/pages\/2026"}],"collection":[{"href":"https:\/\/pmnavigator.pl\/en\/wp-json\/wp\/v2\/pages"}],"about":[{"href":"https:\/\/pmnavigator.pl\/en\/wp-json\/wp\/v2\/types\/page"}],"author":[{"embeddable":true,"href":"https:\/\/pmnavigator.pl\/en\/wp-json\/wp\/v2\/users\/1"}],"replies":[{"embeddable":true,"href":"https:\/\/pmnavigator.pl\/en\/wp-json\/wp\/v2\/comments?post=2026"}],"version-history":[{"count":17,"href":"https:\/\/pmnavigator.pl\/en\/wp-json\/wp\/v2\/pages\/2026\/revisions"}],"predecessor-version":[{"id":3956,"href":"https:\/\/pmnavigator.pl\/en\/wp-json\/wp\/v2\/pages\/2026\/revisions\/3956"}],"wp:attachment":[{"href":"https:\/\/pmnavigator.pl\/en\/wp-json\/wp\/v2\/media?parent=2026"}],"curies":[{"name":"wp","href":"https:\/\/api.w.org\/{rel}","templated":true}]}}